{"id":14,"date":"2019-01-11T18:54:13","date_gmt":"2019-01-11T18:54:13","guid":{"rendered":"http:\/\/lange-michael.eu\/?page_id=14"},"modified":"2025-01-19T12:50:43","modified_gmt":"2025-01-19T12:50:43","slug":"bln90","status":"publish","type":"page","link":"https:\/\/lange-michael.eu\/?page_id=14","title":{"rendered":"Berlin in the 90s"},"content":{"rendered":"\n<p id=\"Back-B90\">Nach dem Fall der Berliner Mauer im Jahr 1989 wirkte das Stadtzentrum der ehemaligen Hauptstadt der verschwundenen DDR zerrupft und leer. Dann begann ein massiver Stadtumbau, der auch die angrenzenden Stadtteile in West-Berlin erfasste. Diesen Wandel der Berliner Stadtstruktur in den 90er Jahren habe ich fotografisch dokumentiert. Erst 2013 habe ich die Negative &#8222;wiederentdeckt&#8220; und die Bilder aus dieser Zeit in meinem Blog-Projekt <a rel=\"noreferrer noopener\" aria-label=\"Berlin in den 90ern (\u00f6ffnet in neuem Tab)\" href=\"https:\/\/90erberlin.tumblr.com\/\" target=\"_blank\">Berlin in den 90ern<\/a> ver\u00f6ffentlicht. 2014 erschien mein Buch <a rel=\"noreferrer noopener\" aria-label=\"R\u00fcckblende (\u00f6ffnet in neuem Tab)\" href=\"https:\/\/www.berlinstory.de\/verlag\/programm\/geschichte\/rueckblende\/\" target=\"_blank\">R\u00fcckblende<\/a>, f\u00fcr das ich einige Motive f\u00fcr einen Gegen\u00fcberstellung neu fotografiert habe.<\/p>\n\n\n\n<p><em>After the fall of the Berlin Wall in 1989, the city centre of the capital of the disappeared <em>German Democratic Republic<\/em><\/em> (<em>GDR) looked ruined and empty. Then a massive urban redevelopment began, which also affected the neighboring districts in West Berlin. I documented the transformation of Berlin&#8217;s urban structure during the 90s. It wasn&#8217;t until 2013 that I &#8222;rediscovered&#8220; the negatives and published the pictures from that time in my blog project <a href=\"https:\/\/90erberlin.tumblr.com\/\">Berlin in the 90s<\/a>. For the book <a href=\"https:\/\/www.berlinstory.de\/verlag\/programm\/geschichte\/rueckblende\/\">R\u00fcckblende<\/a>, published in 2014, I photographed some motifes again for a juxtaposition.<\/em><\/p>\n\n\n\n<div style=\"height:30px\" aria-hidden=\"true\" class=\"wp-block-spacer\"><\/div>\n\n\n\n<figure class=\"wp-block-image\"><img loading=\"lazy\" decoding=\"async\" width=\"1024\" height=\"640\" src=\"https:\/\/lange-michael.eu\/wp-content\/uploads\/2019\/01\/20140309-17_Berlin21_07_19970003-1024x640.jpg\" alt=\"\" class=\"wp-image-23\" srcset=\"https:\/\/lange-michael.eu\/wp-content\/uploads\/2019\/01\/20140309-17_Berlin21_07_19970003.jpg 1024w, https:\/\/lange-michael.eu\/wp-content\/uploads\/2019\/01\/20140309-17_Berlin21_07_19970003-300x188.jpg 300w, https:\/\/lange-michael.eu\/wp-content\/uploads\/2019\/01\/20140309-17_Berlin21_07_19970003-768x480.jpg 768w\" sizes=\"auto, (max-width: 1024px) 100vw, 1024px\" \/><figcaption class=\"wp-element-caption\">Mauerstra\u00dfe Ecke Kronenstra\u00dfe, Berlin-Mitte, 1997  <\/figcaption><\/figure>\n\n\n\n<figure class=\"wp-block-image\"><img loading=\"lazy\" decoding=\"async\" width=\"1024\" height=\"640\" src=\"https:\/\/lange-michael.eu\/wp-content\/uploads\/2019\/01\/20140313-08_1998_03_Film10002-1024x640.jpg\" alt=\"\" class=\"wp-image-24\" srcset=\"https:\/\/lange-michael.eu\/wp-content\/uploads\/2019\/01\/20140313-08_1998_03_Film10002.jpg 1024w, https:\/\/lange-michael.eu\/wp-content\/uploads\/2019\/01\/20140313-08_1998_03_Film10002-300x188.jpg 300w, https:\/\/lange-michael.eu\/wp-content\/uploads\/2019\/01\/20140313-08_1998_03_Film10002-768x480.jpg 768w\" sizes=\"auto, (max-width: 1024px) 100vw, 1024px\" \/><figcaption class=\"wp-element-caption\">Wilhelmstra\u00dfe nahe Pariser Platz, Berlin-Mitte 1998  <\/figcaption><\/figure>\n\n\n\n<figure class=\"wp-block-image\"><img loading=\"lazy\" decoding=\"async\" width=\"1024\" height=\"640\" src=\"https:\/\/lange-michael.eu\/wp-content\/uploads\/2019\/01\/20140101-34-1996-1997_Berlin12_Farbe-600dpi-1024x640.jpg\" alt=\"\" class=\"wp-image-22\" srcset=\"https:\/\/lange-michael.eu\/wp-content\/uploads\/2019\/01\/20140101-34-1996-1997_Berlin12_Farbe-600dpi.jpg 1024w, https:\/\/lange-michael.eu\/wp-content\/uploads\/2019\/01\/20140101-34-1996-1997_Berlin12_Farbe-600dpi-300x188.jpg 300w, https:\/\/lange-michael.eu\/wp-content\/uploads\/2019\/01\/20140101-34-1996-1997_Berlin12_Farbe-600dpi-768x480.jpg 768w\" sizes=\"auto, (max-width: 1024px) 100vw, 1024px\" \/><figcaption class=\"wp-element-caption\">Kommandantenstra\u00dfe nahe Spittelmarkt, Berlin-Mitte, 1996  <\/figcaption><\/figure>\n\n\n\n<figure class=\"wp-block-image\"><img loading=\"lazy\" decoding=\"async\" width=\"1024\" height=\"640\" src=\"https:\/\/lange-michael.eu\/wp-content\/uploads\/2019\/01\/20140313-35_1998_08_Film1_0003-1024x640.jpg\" alt=\"\" class=\"wp-image-26\" srcset=\"https:\/\/lange-michael.eu\/wp-content\/uploads\/2019\/01\/20140313-35_1998_08_Film1_0003.jpg 1024w, https:\/\/lange-michael.eu\/wp-content\/uploads\/2019\/01\/20140313-35_1998_08_Film1_0003-300x188.jpg 300w, https:\/\/lange-michael.eu\/wp-content\/uploads\/2019\/01\/20140313-35_1998_08_Film1_0003-768x480.jpg 768w\" sizes=\"auto, (max-width: 1024px) 100vw, 1024px\" \/><figcaption class=\"wp-element-caption\"> Potsdamer Platz, Berlin-Tiergarten, 1998 <\/figcaption><\/figure>\n\n\n\n<figure class=\"wp-block-image\"><img loading=\"lazy\" decoding=\"async\" width=\"1024\" height=\"640\" src=\"https:\/\/lange-michael.eu\/wp-content\/uploads\/2019\/01\/20140313-13_1998_03_Film10003-1024x640.jpg\" alt=\"\" class=\"wp-image-25\" srcset=\"https:\/\/lange-michael.eu\/wp-content\/uploads\/2019\/01\/20140313-13_1998_03_Film10003.jpg 1024w, https:\/\/lange-michael.eu\/wp-content\/uploads\/2019\/01\/20140313-13_1998_03_Film10003-300x188.jpg 300w, https:\/\/lange-michael.eu\/wp-content\/uploads\/2019\/01\/20140313-13_1998_03_Film10003-768x480.jpg 768w\" sizes=\"auto, (max-width: 1024px) 100vw, 1024px\" \/><figcaption class=\"wp-element-caption\">Wilhelmstra\u00dfe (Blick zum Reichstagsgeb\u00e4ude), Berlin-Mitte, 1998  <\/figcaption><\/figure>\n\n\n\n<figure class=\"wp-block-image\"><img loading=\"lazy\" decoding=\"async\" width=\"1024\" height=\"640\" src=\"https:\/\/lange-michael.eu\/wp-content\/uploads\/2019\/01\/20130616-berlin-94-09c0006-1024x640.jpg\" alt=\"\" class=\"wp-image-19\" srcset=\"https:\/\/lange-michael.eu\/wp-content\/uploads\/2019\/01\/20130616-berlin-94-09c0006.jpg 1024w, https:\/\/lange-michael.eu\/wp-content\/uploads\/2019\/01\/20130616-berlin-94-09c0006-300x188.jpg 300w, https:\/\/lange-michael.eu\/wp-content\/uploads\/2019\/01\/20130616-berlin-94-09c0006-768x480.jpg 768w\" sizes=\"auto, (max-width: 1024px) 100vw, 1024px\" \/><figcaption class=\"wp-element-caption\"> Friedrichstra\u00dfe, Berlin-Mitte, 1994 <\/figcaption><\/figure>\n\n\n\n<figure class=\"wp-block-image\"><img loading=\"lazy\" decoding=\"async\" width=\"1024\" height=\"640\" src=\"https:\/\/lange-michael.eu\/wp-content\/uploads\/2019\/01\/20130818-1996-03-0020-1024x640.jpg\" alt=\"\" class=\"wp-image-20\" srcset=\"https:\/\/lange-michael.eu\/wp-content\/uploads\/2019\/01\/20130818-1996-03-0020.jpg 1024w, https:\/\/lange-michael.eu\/wp-content\/uploads\/2019\/01\/20130818-1996-03-0020-300x188.jpg 300w, https:\/\/lange-michael.eu\/wp-content\/uploads\/2019\/01\/20130818-1996-03-0020-768x480.jpg 768w\" sizes=\"auto, (max-width: 1024px) 100vw, 1024px\" \/><figcaption class=\"wp-element-caption\">Leipziger Platz (Blick zum Potsdamer Platz), Berlin-Mitte, 1996   <\/figcaption><\/figure>\n\n\n\n<figure class=\"wp-block-image\"><img loading=\"lazy\" decoding=\"async\" width=\"1024\" height=\"640\" src=\"https:\/\/lange-michael.eu\/wp-content\/uploads\/2019\/01\/20140101-11-1996-02-09_Berlin10_Farbe-600dpi0001-1024x640.jpg\" alt=\"\" class=\"wp-image-21\" srcset=\"https:\/\/lange-michael.eu\/wp-content\/uploads\/2019\/01\/20140101-11-1996-02-09_Berlin10_Farbe-600dpi0001.jpg 1024w, https:\/\/lange-michael.eu\/wp-content\/uploads\/2019\/01\/20140101-11-1996-02-09_Berlin10_Farbe-600dpi0001-300x188.jpg 300w, https:\/\/lange-michael.eu\/wp-content\/uploads\/2019\/01\/20140101-11-1996-02-09_Berlin10_Farbe-600dpi0001-768x480.jpg 768w\" sizes=\"auto, (max-width: 1024px) 100vw, 1024px\" \/><figcaption class=\"wp-element-caption\"> Pariser Platz, Berlin-Mitte, 1996<\/figcaption><\/figure>\n\n\n\n<figure class=\"wp-block-image\"><img loading=\"lazy\" decoding=\"async\" width=\"1024\" height=\"640\" src=\"https:\/\/lange-michael.eu\/wp-content\/uploads\/2019\/01\/20140301-32A_Berlin03_05_19960002-1024x640.jpg\" alt=\"\" class=\"wp-image-27\" srcset=\"https:\/\/lange-michael.eu\/wp-content\/uploads\/2019\/01\/20140301-32A_Berlin03_05_19960002.jpg 1024w, https:\/\/lange-michael.eu\/wp-content\/uploads\/2019\/01\/20140301-32A_Berlin03_05_19960002-300x188.jpg 300w, https:\/\/lange-michael.eu\/wp-content\/uploads\/2019\/01\/20140301-32A_Berlin03_05_19960002-768x480.jpg 768w\" sizes=\"auto, (max-width: 1024px) 100vw, 1024px\" \/><figcaption class=\"wp-element-caption\"> Friedrichstra\u00dfe (Blick zum Checkpoint Charlie), Berlin-Mitte, 1996 <\/figcaption><\/figure>\n\n\n\n<figure class=\"wp-block-image\"><img loading=\"lazy\" decoding=\"async\" width=\"1024\" height=\"640\" src=\"https:\/\/lange-michael.eu\/wp-content\/uploads\/2019\/01\/20140313-03A_1998_08_Film2_0001-1024x640.jpg\" alt=\"\" class=\"wp-image-92\" srcset=\"https:\/\/lange-michael.eu\/wp-content\/uploads\/2019\/01\/20140313-03A_1998_08_Film2_0001.jpg 1024w, https:\/\/lange-michael.eu\/wp-content\/uploads\/2019\/01\/20140313-03A_1998_08_Film2_0001-300x188.jpg 300w, https:\/\/lange-michael.eu\/wp-content\/uploads\/2019\/01\/20140313-03A_1998_08_Film2_0001-768x480.jpg 768w\" sizes=\"auto, (max-width: 1024px) 100vw, 1024px\" \/><figcaption class=\"wp-element-caption\">Potsdamer Platz (Blick zur Infobox), Berlin-Tiergarten, 1998<\/figcaption><\/figure>\n\n\n\n<figure class=\"wp-block-image\"><img loading=\"lazy\" decoding=\"async\" width=\"1024\" height=\"640\" src=\"https:\/\/lange-michael.eu\/wp-content\/uploads\/2019\/01\/20131013-1996-5u6-600dpi0010-1024x640.jpg\" alt=\"\" class=\"wp-image-91\" srcset=\"https:\/\/lange-michael.eu\/wp-content\/uploads\/2019\/01\/20131013-1996-5u6-600dpi0010.jpg 1024w, https:\/\/lange-michael.eu\/wp-content\/uploads\/2019\/01\/20131013-1996-5u6-600dpi0010-300x188.jpg 300w, https:\/\/lange-michael.eu\/wp-content\/uploads\/2019\/01\/20131013-1996-5u6-600dpi0010-768x480.jpg 768w\" sizes=\"auto, (max-width: 1024px) 100vw, 1024px\" \/><figcaption class=\"wp-element-caption\">Leipziger Platz (Blick zum Potsdamer Platz), Berlin-Mitte, 1996<\/figcaption><\/figure>\n\n\n\n<figure class=\"wp-block-image\"><img loading=\"lazy\" decoding=\"async\" width=\"1024\" height=\"640\" src=\"https:\/\/lange-michael.eu\/wp-content\/uploads\/2019\/01\/20130609-berlin-94-090012-1024x640.jpg\" alt=\"\" class=\"wp-image-90\" srcset=\"https:\/\/lange-michael.eu\/wp-content\/uploads\/2019\/01\/20130609-berlin-94-090012.jpg 1024w, https:\/\/lange-michael.eu\/wp-content\/uploads\/2019\/01\/20130609-berlin-94-090012-300x188.jpg 300w, https:\/\/lange-michael.eu\/wp-content\/uploads\/2019\/01\/20130609-berlin-94-090012-768x480.jpg 768w\" sizes=\"auto, (max-width: 1024px) 100vw, 1024px\" \/><figcaption class=\"wp-element-caption\">Kronenstra\u00dfe, Berlin-Mitte, 1994<\/figcaption><\/figure>\n\n\n\n<p class=\"has-text-align-right\"><a href=\"#Back-B90\">Back to Top<\/a><\/p>\n","protected":false},"excerpt":{"rendered":"<p>Nach dem Fall der Berliner Mauer im Jahr 1989 wirkte das Stadtzentrum der ehemaligen Hauptstadt der verschwundenen DDR zerrupft und leer. Dann begann ein massiver Stadtumbau, der auch die angrenzenden Stadtteile in West-Berlin erfasste. Diesen Wandel der Berliner Stadtstruktur in den 90er Jahren habe ich fotografisch dokumentiert. Erst 2013 habe ich die Negative &#8222;wiederentdeckt&#8220; und [&hellip;]<\/p>\n","protected":false},"author":1,"featured_media":0,"parent":0,"menu_order":0,"comment_status":"closed","ping_status":"closed","template":"","meta":{"footnotes":""},"class_list":["post-14","page","type-page","status-publish","hentry"],"_links":{"self":[{"href":"https:\/\/lange-michael.eu\/index.php?rest_route=\/wp\/v2\/pages\/14","targetHints":{"allow":["GET"]}}],"collection":[{"href":"https:\/\/lange-michael.eu\/index.php?rest_route=\/wp\/v2\/pages"}],"about":[{"href":"https:\/\/lange-michael.eu\/index.php?rest_route=\/wp\/v2\/types\/page"}],"author":[{"embeddable":true,"href":"https:\/\/lange-michael.eu\/index.php?rest_route=\/wp\/v2\/users\/1"}],"replies":[{"embeddable":true,"href":"https:\/\/lange-michael.eu\/index.php?rest_route=%2Fwp%2Fv2%2Fcomments&post=14"}],"version-history":[{"count":20,"href":"https:\/\/lange-michael.eu\/index.php?rest_route=\/wp\/v2\/pages\/14\/revisions"}],"predecessor-version":[{"id":679,"href":"https:\/\/lange-michael.eu\/index.php?rest_route=\/wp\/v2\/pages\/14\/revisions\/679"}],"wp:attachment":[{"href":"https:\/\/lange-michael.eu\/index.php?rest_route=%2Fwp%2Fv2%2Fmedia&parent=14"}],"curies":[{"name":"wp","href":"https:\/\/api.w.org\/{rel}","templated":true}]}}