{"id":32,"date":"2019-01-11T20:04:08","date_gmt":"2019-01-11T20:04:08","guid":{"rendered":"http:\/\/lange-michael.eu\/?page_id=32"},"modified":"2024-05-30T19:03:45","modified_gmt":"2024-05-30T19:03:45","slug":"info","status":"publish","type":"page","link":"https:\/\/lange-michael.eu\/?page_id=32","title":{"rendered":"Bio"},"content":{"rendered":"\n<p>Nachdem ich eine Fotografenlehre absolviert hatte, zog ich 1994 nach Berlin und studierte Publizistik- und Kommunikationswissenschaft. <\/p>\n\n\n\n<p>Nebenbei dokumentierte ich bis zur Jahrtausendwende den st\u00e4dtebaulichen Wandel Berlins. 2013 entdeckte ich die alten Negative wieder, scannte sie f\u00fcr mein Projekt <a rel=\"noreferrer noopener\" href=\"https:\/\/lange-michael.eu\/?page_id=14\" target=\"_blank\">Berlin in den 90ern<\/a> nach und nach ein und zeigte die Bilder in einem <a rel=\"noreferrer noopener\" href=\"https:\/\/90erberlin.tumblr.com\/\" target=\"_blank\">Blog<\/a>. 2014 ver\u00f6ffentlichte ich im Berlin Story Verlag das <a rel=\"noreferrer noopener\" href=\"https:\/\/www.berlinstory.de\/verlag\/programm\/geschichte\/rueckblende\/\" target=\"_blank\">Buch R\u00fcckblende. Berlin in den 90ern \u2013 und heute<\/a>, f\u00fcr das ich zahlreiche Motive nochmal neu fotografierte, um einen unmittelbaren Vergleich zu erm\u00f6glichen.<\/p>\n\n\n\n<div class=\"wp-block-columns is-layout-flex wp-container-core-columns-is-layout-1 wp-block-columns-is-layout-flex\">\n<div class=\"wp-block-column is-layout-flow wp-block-column-is-layout-flow\" style=\"flex-basis:66.66%\">\n<p>2020\/21 absolvierte ich die Masterclass an der <a rel=\"noreferrer noopener\" href=\"https:\/\/www.ips-berlin.org\/\" target=\"_blank\">International Photography School<\/a>, Berlin.<\/p>\n\n\n\n<p>Von 2017-2023 arbeitete ich an einem dokumentarischen Projekt namens <a href=\"https:\/\/lange-michael.eu\/?page_id=82\">Sand<\/a>, das sich mit den Leerstellen im Berliner Stadtbild befasst, die f\u00fcr meist kurze Zeit zwischen Abriss und Neubau entstehen. 2023 erschien hierzu mein Fotobuch &#8222;<a href=\"https:\/\/www.thevelvetcell.com\/shop\/sand-the-transformation-of-berlin\" target=\"_blank\" rel=\"noreferrer noopener\">Sand. The Transformation of Berlin<\/a>&#8220; im Verlag The Velvet Cell.<\/p>\n\n\n\n<p>Weitere Fotografien zeige ich auf Instagram (<a rel=\"noreferrer noopener\" href=\"https:\/\/www.instagram.com\/michael_._lange\/\" target=\"_blank\">@michael_._lange<\/a>).<\/p>\n<\/div>\n\n\n\n<div class=\"wp-block-column is-layout-flow wp-block-column-is-layout-flow\" style=\"flex-basis:33.33%\">\n<figure class=\"wp-block-image size-full\"><img loading=\"lazy\" decoding=\"async\" width=\"300\" height=\"450\" src=\"https:\/\/lange-michael.eu\/wp-content\/uploads\/2019\/02\/Portrait.jpg\" alt=\"\" class=\"wp-image-211\" srcset=\"https:\/\/lange-michael.eu\/wp-content\/uploads\/2019\/02\/Portrait.jpg 300w, https:\/\/lange-michael.eu\/wp-content\/uploads\/2019\/02\/Portrait-200x300.jpg 200w\" sizes=\"auto, (max-width: 300px) 100vw, 300px\" \/><\/figure>\n<\/div>\n<\/div>\n\n\n\n<div style=\"height:30px\" aria-hidden=\"true\" class=\"wp-block-spacer\"><\/div>\n\n\n\n<p><em>After finishing an apprenticeship as a photographer, I moved to Berlin in 1994 and studied media and communication studies.<\/em><\/p>\n\n\n\n<p><em>Besides, I documented the urban change of Berlin until the turn of the millennium. In 2013 I rediscovered the old negatives, scanned them one by one for my project <a rel=\"noreferrer noopener\" href=\"https:\/\/lange-michael.eu\/?page_id=14\" target=\"_blank\">Berlin in the 90ies<\/a><\/em> <em>and showed the pictures in a <a rel=\"noreferrer noopener\" href=\"https:\/\/90erberlin.tumblr.com\/\" target=\"_blank\">blog<\/a>. In 2014, I published the book  <a rel=\"noreferrer noopener\" href=\"https:\/\/www.berlinstory.de\/verlag\/programm\/geschichte\/rueckblende\/\" target=\"_blank\">R\u00fcckblende. Berlin in the 90ies \u2013 and today<\/a> (Berlin Story Verlag), for which I photographed many motifs again to give a direct then and now comparison.<\/em><\/p>\n\n\n\n<p><em>From 2017-23, I have been working on a documentary project named Sand, which deals with the empty spaces in Berlin&#8217;s cityscape that are created for mostly short periods of time between demolition and new construction. 2023 my photo book &#8222;<a href=\"https:\/\/www.thevelvetcell.com\/shop\/sand-the-transformation-of-berlin\" target=\"_blank\" rel=\"noreferrer noopener\">Sand. The Transformation of Berlin<\/a>&#8220; was published by The Velvet Cell.<\/em><\/p>\n\n\n\n<p><em>In 2020\/21, I took the Master Class at the <a rel=\"noreferrer noopener\" href=\"https:\/\/www.ips-berlin.org\/\" target=\"_blank\">International Photography School<\/a>, Berlin.<\/em><\/p>\n\n\n\n<p><em>You can find more of my photographs on Instagram (<a rel=\"noreferrer noopener\" href=\"https:\/\/www.instagram.com\/michael_._lange\/\" data-type=\"URL\" data-id=\"https:\/\/www.instagram.com\/michael_._lange\/\" target=\"_blank\">@michael_._lange<\/a>).<\/em><\/p>\n","protected":false},"excerpt":{"rendered":"<p>Nachdem ich eine Fotografenlehre absolviert hatte, zog ich 1994 nach Berlin und studierte Publizistik- und Kommunikationswissenschaft. Nebenbei dokumentierte ich bis zur Jahrtausendwende den st\u00e4dtebaulichen Wandel Berlins. 2013 entdeckte ich die alten Negative wieder, scannte sie f\u00fcr mein Projekt Berlin in den 90ern nach und nach ein und zeigte die Bilder in einem Blog. 2014 ver\u00f6ffentlichte [&hellip;]<\/p>\n","protected":false},"author":1,"featured_media":0,"parent":0,"menu_order":0,"comment_status":"closed","ping_status":"closed","template":"","meta":{"footnotes":""},"class_list":["post-32","page","type-page","status-publish","hentry"],"_links":{"self":[{"href":"https:\/\/lange-michael.eu\/index.php?rest_route=\/wp\/v2\/pages\/32","targetHints":{"allow":["GET"]}}],"collection":[{"href":"https:\/\/lange-michael.eu\/index.php?rest_route=\/wp\/v2\/pages"}],"about":[{"href":"https:\/\/lange-michael.eu\/index.php?rest_route=\/wp\/v2\/types\/page"}],"author":[{"embeddable":true,"href":"https:\/\/lange-michael.eu\/index.php?rest_route=\/wp\/v2\/users\/1"}],"replies":[{"embeddable":true,"href":"https:\/\/lange-michael.eu\/index.php?rest_route=%2Fwp%2Fv2%2Fcomments&post=32"}],"version-history":[{"count":26,"href":"https:\/\/lange-michael.eu\/index.php?rest_route=\/wp\/v2\/pages\/32\/revisions"}],"predecessor-version":[{"id":627,"href":"https:\/\/lange-michael.eu\/index.php?rest_route=\/wp\/v2\/pages\/32\/revisions\/627"}],"wp:attachment":[{"href":"https:\/\/lange-michael.eu\/index.php?rest_route=%2Fwp%2Fv2%2Fmedia&parent=32"}],"curies":[{"name":"wp","href":"https:\/\/api.w.org\/{rel}","templated":true}]}}