{"id":384,"date":"2022-12-26T14:23:04","date_gmt":"2022-12-26T14:23:04","guid":{"rendered":"https:\/\/lange-michael.eu\/?page_id=384"},"modified":"2025-01-19T12:49:20","modified_gmt":"2025-01-19T12:49:20","slug":"buecher","status":"publish","type":"page","link":"https:\/\/lange-michael.eu\/?page_id=384","title":{"rendered":"Books"},"content":{"rendered":"\n<h2 class=\"wp-block-heading\">Sand. The Transformation of Berlin<\/h2>\n\n\n\n<div class=\"wp-block-columns is-layout-flex wp-container-core-columns-is-layout-1 wp-block-columns-is-layout-flex\">\n<div class=\"wp-block-column is-layout-flow wp-block-column-is-layout-flow\">\n<p>Viele der wenigen verbliebenen innerst\u00e4dtischen Brachfl\u00e4chen und tempor\u00e4r genutzten R\u00e4ume, die Berlin lange Zeit pr\u00e4gten, sind in den letzten Jahren verschwunden und haben Neubauten Platz gemacht. Mein Langzeitprojekt &#8222;Sand. The Transformation of Berlin&#8220; (2017-2022) erforscht diesen Prozess des \u00dcbergangs. Meine Fotografien zeigen Berliner Baustellen in einem Moment, in dem das Alte gerade abger\u00e4umt wurde und bevor das Neue entsteht. Es ist auch der Moment, in dem sich offenbart, worauf Berlin gebaut ist: Sand. Das Buch ist 2023 im Verlag The Velvet Cell erschienen (Deutsch und Englisch, mit einem Essay von Katrin und Hans Georg Hiller von Gaertringen, 136 Seiten, TVC098, ISBN 978-1-908889-98-0).<\/p>\n<\/div>\n\n\n\n<div class=\"wp-block-column has-base-background-color has-background is-layout-flow wp-block-column-is-layout-flow\">\n<figure class=\"wp-block-image size-large\"><a href=\"https:\/\/www.thevelvetcell.com\/shop\/sand-the-transformation-of-berlin\" target=\"_blank\" rel=\"noreferrer noopener\"><img loading=\"lazy\" decoding=\"async\" width=\"1024\" height=\"685\" src=\"https:\/\/lange-michael.eu\/wp-content\/uploads\/2023\/05\/TVC098_Sand_2.-1024x685.webp\" alt=\"\" class=\"wp-image-573\" srcset=\"https:\/\/lange-michael.eu\/wp-content\/uploads\/2023\/05\/TVC098_Sand_2.-1024x685.webp 1024w, https:\/\/lange-michael.eu\/wp-content\/uploads\/2023\/05\/TVC098_Sand_2.-300x201.webp 300w, https:\/\/lange-michael.eu\/wp-content\/uploads\/2023\/05\/TVC098_Sand_2.-768x514.webp 768w, https:\/\/lange-michael.eu\/wp-content\/uploads\/2023\/05\/TVC098_Sand_2..webp 1100w\" sizes=\"auto, (max-width: 1024px) 100vw, 1024px\" \/><\/a><figcaption class=\"wp-element-caption\">Foto: The Velvet Cell<\/figcaption><\/figure>\n<\/div>\n<\/div>\n\n\n\n<p><em>Many of the few remaining inner-city wastelands and temporarily used spaces that were characteristic of Berlin for so long have disapperaed in recent years and given way to new buildings. My long term project &#8222;Sand. The Transformation of Berlin&#8220; (2017-2022) explores this process of transition. My photographs show Berlin construction sites at a moment when the old has just been cleared away and before the new has been erected. It is also the moment when it is revealed what Berlin is built on: sand.<\/em> (German and English, with an essay by Katrin and Hans Georg Hiller von Gaertringen, 136 pages, TVC098, ISBN 978-1-908889-98-0).<\/p>\n\n\n\n<div style=\"height:55px\" aria-hidden=\"true\" class=\"wp-block-spacer\"><\/div>\n\n\n\n<h2 class=\"wp-block-heading\">R\u00fcckblende. Berlin in den 90ern<\/h2>\n\n\n\n<div class=\"wp-block-columns is-layout-flex wp-container-core-columns-is-layout-2 wp-block-columns-is-layout-flex\">\n<div class=\"wp-block-column is-layout-flow wp-block-column-is-layout-flow\">\n<p>In den 90er Jahren habe ich den st\u00e4dtebaulichen Wandel Berlins dokumentiert. F\u00fcr das Buch &#8222;R\u00fcckblende: Berlin in den 90ern &#8211; und heute&#8220; habe ich viele der damaligen Motive noch einmal f\u00fcr eine Gegen\u00fcberstellung fotografiert. Das Buch ist 2014 im Berlin Story Verlag erschienen (deutsch und englisch, 96 Seiten, ISBN 978-3-95723-022-5).<\/p>\n\n\n\n<p><em>In the 1990s, I documented the transformation of Berlin&#8217;s urban landscape. For the book &#8222;R\u00fcckblende: Berlin in the 90s &#8211; and today&#8220; I photographed many of the motifs from that time again for a juxtaposition. The book was published in 2014 by Berlin Story Verlag<\/em> (german and englisch, 96 pages, ISBN 978-3-95723-022-5).<\/p>\n<\/div>\n\n\n\n<div class=\"wp-block-column has-tertiary-background-color has-background is-layout-flow wp-block-column-is-layout-flow\">\n<figure class=\"wp-block-image aligncenter size-full\"><a href=\"https:\/\/www.berlinstory-verlag.de\/programm\/geschichte\/rueckblende\/\" target=\"_blank\" rel=\"noreferrer noopener\"><img loading=\"lazy\" decoding=\"async\" width=\"320\" height=\"324\" src=\"https:\/\/lange-michael.eu\/wp-content\/uploads\/2022\/12\/Rueckblende.jpg\" alt=\"\" class=\"wp-image-391\" srcset=\"https:\/\/lange-michael.eu\/wp-content\/uploads\/2022\/12\/Rueckblende.jpg 320w, https:\/\/lange-michael.eu\/wp-content\/uploads\/2022\/12\/Rueckblende-296x300.jpg 296w\" sizes=\"auto, (max-width: 320px) 100vw, 320px\" \/><\/a><\/figure>\n<\/div>\n<\/div>\n","protected":false},"excerpt":{"rendered":"<p>Sand. The Transformation of Berlin Viele der wenigen verbliebenen innerst\u00e4dtischen Brachfl\u00e4chen und tempor\u00e4r genutzten R\u00e4ume, die Berlin lange Zeit pr\u00e4gten, sind in den letzten Jahren verschwunden und haben Neubauten Platz gemacht. Mein Langzeitprojekt &#8222;Sand. The Transformation of Berlin&#8220; (2017-2022) erforscht diesen Prozess des \u00dcbergangs. Meine Fotografien zeigen Berliner Baustellen in einem Moment, in dem das [&hellip;]<\/p>\n","protected":false},"author":1,"featured_media":0,"parent":0,"menu_order":0,"comment_status":"closed","ping_status":"closed","template":"","meta":{"footnotes":""},"class_list":["post-384","page","type-page","status-publish","hentry"],"_links":{"self":[{"href":"https:\/\/lange-michael.eu\/index.php?rest_route=\/wp\/v2\/pages\/384","targetHints":{"allow":["GET"]}}],"collection":[{"href":"https:\/\/lange-michael.eu\/index.php?rest_route=\/wp\/v2\/pages"}],"about":[{"href":"https:\/\/lange-michael.eu\/index.php?rest_route=\/wp\/v2\/types\/page"}],"author":[{"embeddable":true,"href":"https:\/\/lange-michael.eu\/index.php?rest_route=\/wp\/v2\/users\/1"}],"replies":[{"embeddable":true,"href":"https:\/\/lange-michael.eu\/index.php?rest_route=%2Fwp%2Fv2%2Fcomments&post=384"}],"version-history":[{"count":11,"href":"https:\/\/lange-michael.eu\/index.php?rest_route=\/wp\/v2\/pages\/384\/revisions"}],"predecessor-version":[{"id":677,"href":"https:\/\/lange-michael.eu\/index.php?rest_route=\/wp\/v2\/pages\/384\/revisions\/677"}],"wp:attachment":[{"href":"https:\/\/lange-michael.eu\/index.php?rest_route=%2Fwp%2Fv2%2Fmedia&parent=384"}],"curies":[{"name":"wp","href":"https:\/\/api.w.org\/{rel}","templated":true}]}}